{"id":3751,"date":"2016-02-08T11:04:42","date_gmt":"2016-02-08T11:04:42","guid":{"rendered":"http:\/\/doubleview.tours\/artgallery\/?page_id=3751"},"modified":"2017-02-10T12:51:05","modified_gmt":"2017-02-10T12:51:05","slug":"rivellino-art-gallery-at-expo-milano-2015","status":"publish","type":"page","link":"https:\/\/doubleview.tours\/artgallery\/rivellino-art-gallery-at-expo-milano-2015\/","title":{"rendered":"Rivellino LdV Art Gallery at Expo Milano 2015"},"content":{"rendered":"<div  class=\"tatsu-ic8ta6t3ns2jwleh tatsu-section    tatsu-clearfix\" data-title=\"\"  data-headerscheme=\"background--dark\"><div class='tatsu-section-pad clearfix' data-padding='90px 0% 90px 0%' data-padding-top='90px'><div class=\"tatsu-row-wrap  tatsu-wrap tatsu-row-has-two-cols tatsu-medium-gutter tatsu-reg-cols  tatsu-clearfix tatsu-ic8ta6t4mrizux4\" ><div  class=\"tatsu-row \" ><div  class=\"tatsu-column  tatsu-column-no-bg tatsu-three-fourth tatsu-column-image- tatsu-column-effect-  tatsu-ic8ta6t4sq21r3lu\" data-animation=\"fadeIn\"   data-parallax-speed=\"0\" style=\"\"><div class=\"tatsu-column-inner \" ><div class=\"tatsu-column-pad-wrap\"><div class=\"tatsu-column-pad\" ><div  class=\"tatsu-module tatsu-text-block-wrap tatsu-ic8ta6t51a7u42bv  \"><div class=\"tatsu-text-inner tatsu-align-center  clearfix\" data-animation=\"fadeIn\"  ><\/div><\/div><\/div><\/div><div class = \"tatsu-column-bg-image-wrap\"><div class = \"tatsu-column-bg-image\" ><\/div><\/div><\/div><style>.tatsu-ic8ta6t4sq21r3lu.tatsu-column > .tatsu-column-inner > .tatsu-column-pad-wrap > .tatsu-column-pad{padding: 0px 0px 0px 0px;}.tatsu-ic8ta6t4sq21r3lu.tatsu-column > .tatsu-column-inner{border-width: 0 0 0 0;}.tatsu-ic8ta6t4sq21r3lu.tatsu-column > .tatsu-column-inner > .tatsu-column-overlay{mix-blend-mode: none;}.tatsu-ic8ta6t4sq21r3lu > .tatsu-column-inner > .tatsu-top-divider{z-index: 9999;}.tatsu-ic8ta6t4sq21r3lu > .tatsu-column-inner > .tatsu-bottom-divider{z-index: 9999;}.tatsu-ic8ta6t4sq21r3lu > .tatsu-column-inner > .tatsu-left-divider{z-index: 9999;}.tatsu-ic8ta6t4sq21r3lu > .tatsu-column-inner > .tatsu-right-divider{z-index: 9999;}.tatsu-ic8ta6t4sq21r3lu.tatsu-column{transform: translate3d(0px,0px, 0);}<\/style><\/div><div  class=\"tatsu-column  tatsu-column-no-bg tatsu-one-fourth tatsu-column-image- tatsu-column-effect-  tatsu-ic8ta6t54242vv3j\" data-animation=\"fadeIn\"   data-parallax-speed=\"0\" style=\"\"><div class=\"tatsu-column-inner \" ><div class=\"tatsu-column-pad-wrap\"><div class=\"tatsu-column-pad\" ><div  class=\"special-heading-wrap style1 oshine-module  tatsu-ic8ta6t5d22q4xso  \" data-animation=\"fadeIn\"  ><div class=\"special-heading align-left\"><div class=\"sub-title margin-bottom \">\n<h2>Expo Milano 2015<\/h2>\n<\/div><hr class=\"separator margin-bottom\" \/><\/div><style>.tatsu-ic8ta6t5d22q4xso .sep-icon.oshine_diamond{background: #dd3333;}.tatsu-ic8ta6t5d22q4xso .separator{height: 2px;width: 40px;background: #e8e8e8;}<\/style><\/div><div  class=\"tatsu-module tatsu-text-block-wrap tatsu-ic8ta6t5gq58o3za  \"><div class=\"tatsu-text-inner tatsu-align-center  clearfix\" data-animation=\"fadeIn\"  >\n<div class=\"chapter clearfix\">\n<p class=\"chapter-paragraph\">Appuntamento anche con l\u2019arte a <em>#CasaCorriere<\/em>. Lo spazio del Corriere della Sera inaugura una serie di appuntamenti settimanali con artisti che, fino alla fine dell\u2019Esposizione universale, saranno presenti durante le giornate ad Expo per lavorare sulle loro opere davanti a visitatori e curiosi. Il primo \u00e8 il congolese Kalonji, che fino a mercoled\u00ec lavorer\u00e0 alle sue tele a #CasaCorriere. Ma ogni settimana arriver\u00e0 un artista diverso.<\/p>\n<\/div>\n<div class=\"chapter clearfix\">\n<p class=\"chapter-paragraph\">Gli appuntamenti, organizzati con il sostegno della galleria d\u2019arte Il Rivellino di Locarno, hanno l\u2019internazionalit\u00e0 come filo conduttore:&nbsp;<em>&#8220;Abbiamo scelto artisti da tutto il mondo in modo che rappresentino nel miglior modo possibile il contesto internazionale di Expo. E possano, anche, lavorare con un pubblico multietnico\u00bb, spigano i titolari della galleria, i fratelli Erminio e Paolo Sciolli. Chiunque, infatti, potr\u00e0 fermarsi a guardare gli artisti al lavoro ed interagire con loro nella realizzazione delle opere. Ci saranno anche artisti di body painting che gireranno per l\u2019Expo. Le opere si svilupperanno intorno al tema dell\u2019alimentazione&#8221;.<\/em><\/p>\n<p class=\"chapter-paragraph\">\n<\/div>\n<\/div><\/div><div  class=\"tatsu-module tatsu-normal-button tatsu-button-wrap   tatsu-ic8ta6t5iu66f7u3   \"><a class=\"tatsu-shortcode mediumbtn tatsu-button left-icon    bg-animation-none  \" href=\"http:\/\/milano.corriere.it\/notizie\/cronaca\/15_maggio_10\/expo-live-painting-casa-corriere-75b3bb32-f733-11e4-bdc6-f010dce69e19.shtml\" style= \"\" data-animation=\"fadeIn\"   aria-label=\"Casa Corriere Milano Expo\" data-gdpr-atts={} target=\"_blank\">Casa Corriere Milano Expo<\/a><style>.tatsu-ic8ta6t5iu66f7u3 .tatsu-button{background-color: #dd3333;color: #ffffff ;border-color: #000000; }.tatsu-ic8ta6t5iu66f7u3 .tatsu-button:hover{border-color: #dd3333; }<\/style><\/div><div  class=\"tatsu-module tatsu-normal-button tatsu-button-wrap   tatsu-ic8ta6t5m49czia6   \"><a class=\"tatsu-shortcode mediumbtn tatsu-button left-icon    bg-animation-none  \" href=\"https:\/\/vimeo.com\/154875210\" style= \"\" data-animation=\"fadeIn\"   aria-label=\"Rivellino, Casa Corriere, Live Art Experiences, Expo Milan 2015\" data-gdpr-atts={} target=\"_blank\">Rivellino, Casa Corriere, Live Art Experiences, Expo Milan 2015<\/a><style>.tatsu-ic8ta6t5m49czia6 .tatsu-button{background-color: #dd3333;color: #ffffff ;border-color: #000000; }.tatsu-ic8ta6t5m49czia6 .tatsu-button:hover{border-color: #dd3333; }<\/style><\/div><\/div><\/div><div class = \"tatsu-column-bg-image-wrap\"><div class = \"tatsu-column-bg-image\" ><\/div><\/div><\/div><style>.tatsu-ic8ta6t54242vv3j.tatsu-column > .tatsu-column-inner > .tatsu-column-pad-wrap > .tatsu-column-pad{padding: 0px 0px 0px 0px;}.tatsu-ic8ta6t54242vv3j.tatsu-column > .tatsu-column-inner{border-width: 0 0 0 0;}.tatsu-ic8ta6t54242vv3j.tatsu-column > .tatsu-column-inner > .tatsu-column-overlay{mix-blend-mode: none;}.tatsu-ic8ta6t54242vv3j > .tatsu-column-inner > .tatsu-top-divider{z-index: 9999;}.tatsu-ic8ta6t54242vv3j > .tatsu-column-inner > .tatsu-bottom-divider{z-index: 9999;}.tatsu-ic8ta6t54242vv3j > .tatsu-column-inner > .tatsu-left-divider{z-index: 9999;}.tatsu-ic8ta6t54242vv3j > .tatsu-column-inner > .tatsu-right-divider{z-index: 9999;}.tatsu-ic8ta6t54242vv3j.tatsu-column{transform: translate3d(0px,0px, 0);}<\/style><\/div><\/div><\/div><\/div><div class=\"tatsu-section-background-wrap\"><div class = \"tatsu-section-background\" ><\/div><\/div><style>.tatsu-ic8ta6t3ns2jwleh .tatsu-section-pad{padding: 90px 0% 90px 0%;}.tatsu-ic8ta6t3ns2jwleh.tatsu-section{margin: 0px 0px 0px 0px;}.tatsu-ic8ta6t3ns2jwleh > .tatsu-bottom-divider{z-index: 9999;}.tatsu-ic8ta6t3ns2jwleh > .tatsu-top-divider{z-index: 9999;}<\/style><\/div>\n","protected":false},"excerpt":{"rendered":"<p><a href=\"https:\/\/doubleview.tours\/artgallery\/rivellino-art-gallery-at-expo-milano-2015\/\" class=\"more-link style1-button\">Read More<\/a><\/p>","protected":false},"author":1,"featured_media":0,"parent":0,"menu_order":0,"comment_status":"closed","ping_status":"closed","template":"","meta":{"footnotes":""},"class_list":["post-3751","page","type-page","status-publish","hentry"],"_links":{"self":[{"href":"https:\/\/doubleview.tours\/artgallery\/wp-json\/wp\/v2\/pages\/3751","targetHints":{"allow":["GET"]}}],"collection":[{"href":"https:\/\/doubleview.tours\/artgallery\/wp-json\/wp\/v2\/pages"}],"about":[{"href":"https:\/\/doubleview.tours\/artgallery\/wp-json\/wp\/v2\/types\/page"}],"author":[{"embeddable":true,"href":"https:\/\/doubleview.tours\/artgallery\/wp-json\/wp\/v2\/users\/1"}],"replies":[{"embeddable":true,"href":"https:\/\/doubleview.tours\/artgallery\/wp-json\/wp\/v2\/comments?post=3751"}],"version-history":[{"count":5,"href":"https:\/\/doubleview.tours\/artgallery\/wp-json\/wp\/v2\/pages\/3751\/revisions"}],"predecessor-version":[{"id":3979,"href":"https:\/\/doubleview.tours\/artgallery\/wp-json\/wp\/v2\/pages\/3751\/revisions\/3979"}],"wp:attachment":[{"href":"https:\/\/doubleview.tours\/artgallery\/wp-json\/wp\/v2\/media?parent=3751"}],"curies":[{"name":"wp","href":"https:\/\/api.w.org\/{rel}","templated":true}]}}